{"id":2789,"date":"2022-09-14T15:18:04","date_gmt":"2022-09-14T15:18:04","guid":{"rendered":"https:\/\/wallchase.com\/politica-de-privacidade\/"},"modified":"2024-12-23T18:48:41","modified_gmt":"2024-12-23T18:48:41","slug":"politica-de-privacidade","status":"publish","type":"page","link":"https:\/\/wallchase.com\/pt-br\/politica-de-privacidade\/","title":{"rendered":"Pol\u00edtica de Privacidade"},"content":{"rendered":"\t\t<div data-elementor-type=\"wp-page\" data-elementor-id=\"2789\" class=\"elementor elementor-2789 elementor-3\" data-elementor-post-type=\"page\">\n\t\t\t\t\t\t<section class=\"elementor-section elementor-top-section elementor-element elementor-element-511245bf elementor-section-boxed elementor-section-height-default elementor-section-height-default\" data-id=\"511245bf\" data-element_type=\"section\" data-e-type=\"section\">\n\t\t\t\t\t\t<div class=\"elementor-container elementor-column-gap-default\">\n\t\t\t\t\t<div class=\"elementor-column elementor-col-100 elementor-top-column elementor-element elementor-element-29f7e9e1\" data-id=\"29f7e9e1\" data-element_type=\"column\" data-e-type=\"column\">\n\t\t\t<div class=\"elementor-widget-wrap elementor-element-populated\">\n\t\t\t\t\t\t<div class=\"elementor-element elementor-element-4f3050f3 elementor-widget elementor-widget-text-editor\" data-id=\"4f3050f3\" data-element_type=\"widget\" data-e-type=\"widget\" data-widget_type=\"text-editor.default\">\n\t\t\t\t<div class=\"elementor-widget-container\">\n\t\t\t\t\t\t\t\t\t\n<h2><\/h2>\n\t\t\t\t\t\t\t\t<\/div>\n\t\t\t\t<\/div>\n\t\t\t\t\t<\/div>\n\t\t<\/div>\n\t\t\t\t\t<\/div>\n\t\t<\/section>\n\t\t\t\t<section class=\"elementor-section elementor-top-section elementor-element elementor-element-f059214 elementor-section-boxed elementor-section-height-default elementor-section-height-default\" data-id=\"f059214\" data-element_type=\"section\" data-e-type=\"section\">\n\t\t\t\t\t\t<div class=\"elementor-container elementor-column-gap-default\">\n\t\t\t\t\t<div class=\"elementor-column elementor-col-100 elementor-top-column elementor-element elementor-element-29e9218\" data-id=\"29e9218\" data-element_type=\"column\" data-e-type=\"column\">\n\t\t\t<div class=\"elementor-widget-wrap elementor-element-populated\">\n\t\t\t\t\t\t<div class=\"elementor-element elementor-element-d4e7ca8 elementor-widget elementor-widget-heading\" data-id=\"d4e7ca8\" data-element_type=\"widget\" data-e-type=\"widget\" data-widget_type=\"heading.default\">\n\t\t\t\t<div class=\"elementor-widget-container\">\n\t\t\t\t\t<h2 class=\"elementor-heading-title elementor-size-default\">Pol\u00edtica de Privacidade<\/h2>\t\t\t\t<\/div>\n\t\t\t\t<\/div>\n\t\t\t\t<div class=\"elementor-element elementor-element-2ba49ac elementor-widget elementor-widget-image\" data-id=\"2ba49ac\" data-element_type=\"widget\" data-e-type=\"widget\" data-widget_type=\"image.default\">\n\t\t\t\t<div class=\"elementor-widget-container\">\n\t\t\t\t\t\t\t\t\t\t\t\t\t\t\t<img decoding=\"async\" width=\"800\" height=\"36\" src=\"https:\/\/wallchase.com\/wp-content\/uploads\/2022\/09\/Recurso-6fondo-1024x46.png\" class=\"attachment-large size-large wp-image-2334\" alt=\"\" srcset=\"https:\/\/wallchase.com\/wp-content\/uploads\/2022\/09\/Recurso-6fondo-1024x46.png 1024w, https:\/\/wallchase.com\/wp-content\/uploads\/2022\/09\/Recurso-6fondo-300x13.png 300w, https:\/\/wallchase.com\/wp-content\/uploads\/2022\/09\/Recurso-6fondo-768x34.png 768w, https:\/\/wallchase.com\/wp-content\/uploads\/2022\/09\/Recurso-6fondo-1536x69.png 1536w, https:\/\/wallchase.com\/wp-content\/uploads\/2022\/09\/Recurso-6fondo-2048x92.png 2048w\" sizes=\"(max-width: 800px) 100vw, 800px\" \/>\t\t\t\t\t\t\t\t\t\t\t\t\t\t\t<\/div>\n\t\t\t\t<\/div>\n\t\t\t\t<div class=\"elementor-element elementor-element-fd80db4 elementor-widget elementor-widget-text-editor\" data-id=\"fd80db4\" data-element_type=\"widget\" data-e-type=\"widget\" data-widget_type=\"text-editor.default\">\n\t\t\t\t<div class=\"elementor-widget-container\">\n\t\t\t\t\t\t\t\t\t<p>Atrav\u00e9s deste aviso, Wall Chase Partners S.A., com endere\u00e7o legal em S\u00e1nchez de Bustamante 1945 6\u00b0 A, C.A.B.A. (doravante WC), informa aos usu\u00e1rios de seus portais na Internet &#8220;www.wallchase.com&#8221; e &#8220;www.wallchase.com.ar&#8221; sobre a exist\u00eancia de um arquivo de dados pessoais do qual a WC \u00e9 respons\u00e1vel e a pol\u00edtica de prote\u00e7\u00e3o de dados pessoais. Este arquivo \u00e9 criado com a finalidade de possibilitar a presta\u00e7\u00e3o dos servi\u00e7os que s\u00e3o objeto da atividade da WC. <\/p>\n<p>O usu\u00e1rio declara que os dados pessoais fornecidos voluntariamente s\u00e3o reais e completos e se compromete a atualiz\u00e1-los conforme necess\u00e1rio. A WC compromete-se a proteger a privacidade dos usu\u00e1rios com absoluta confidencialidade, tomando as medidas de seguran\u00e7a e tecnol\u00f3gicas necess\u00e1rias para preservar as informa\u00e7\u00f5es fornecidas. <\/p>\n<p>O usu\u00e1rio, titular dos dados pessoais, tem o direito de acessar os mesmos gratuitamente a intervalos n\u00e3o inferiores a seis meses, salvo se for comprovado um interesse leg\u00edtimo, conforme o estabelecido no artigo 14, inciso 3 da Lei N\u00ba 25.326. A Dire\u00e7\u00e3o Nacional de Prote\u00e7\u00e3o de Dados Pessoais, \u00f3rg\u00e3o de controle da Lei N\u00ba 25.326, atua como intermedi\u00e1ria para den\u00fancias e reclama\u00e7\u00f5es relacionadas ao descumprimento das normas sobre prote\u00e7\u00e3o de dados pessoais. <\/p>\n<p>O usu\u00e1rio autoriza o tratamento e a cess\u00e3o de seus dados pessoais a terceiros por parte da WC para o cumprimento de fins diretamente relacionados com suas fun\u00e7\u00f5es, com o objetivo de fornecer ofertas de emprego que melhor se adaptem aos seus objetivos.<\/p>\t\t\t\t\t\t\t\t<\/div>\n\t\t\t\t<\/div>\n\t\t\t\t\t<\/div>\n\t\t<\/div>\n\t\t\t\t\t<\/div>\n\t\t<\/section>\n\t\t\t\t<\/div>\n\t\t","protected":false},"excerpt":{"rendered":"<p>Pol\u00edtica de Privacidade Atrav\u00e9s deste aviso, Wall Chase Partners S.A., com endere\u00e7o legal em S\u00e1nchez de Bustamante 1945 6\u00b0 A, C.A.B.A. (doravante WC), informa aos usu\u00e1rios de seus portais na Internet &#8220;www.wallchase.com&#8221; e &#8220;www.wallchase.com.ar&#8221; sobre a exist\u00eancia de um arquivo de dados pessoais do qual a WC \u00e9 respons\u00e1vel e a pol\u00edtica de prote\u00e7\u00e3o de [&hellip;]<\/p>\n","protected":false},"author":5,"featured_media":0,"parent":0,"menu_order":0,"comment_status":"closed","ping_status":"closed","template":"","meta":{"_acf_changed":false,"nf_dc_page":"","footnotes":""},"class_list":["post-2789","page","type-page","status-publish","hentry"],"acf":[],"_links":{"self":[{"href":"https:\/\/wallchase.com\/pt-br\/wp-json\/wp\/v2\/pages\/2789","targetHints":{"allow":["GET"]}}],"collection":[{"href":"https:\/\/wallchase.com\/pt-br\/wp-json\/wp\/v2\/pages"}],"about":[{"href":"https:\/\/wallchase.com\/pt-br\/wp-json\/wp\/v2\/types\/page"}],"author":[{"embeddable":true,"href":"https:\/\/wallchase.com\/pt-br\/wp-json\/wp\/v2\/users\/5"}],"replies":[{"embeddable":true,"href":"https:\/\/wallchase.com\/pt-br\/wp-json\/wp\/v2\/comments?post=2789"}],"version-history":[{"count":9,"href":"https:\/\/wallchase.com\/pt-br\/wp-json\/wp\/v2\/pages\/2789\/revisions"}],"predecessor-version":[{"id":3354,"href":"https:\/\/wallchase.com\/pt-br\/wp-json\/wp\/v2\/pages\/2789\/revisions\/3354"}],"wp:attachment":[{"href":"https:\/\/wallchase.com\/pt-br\/wp-json\/wp\/v2\/media?parent=2789"}],"curies":[{"name":"wp","href":"https:\/\/api.w.org\/{rel}","templated":true}]}}